{"id":8807,"date":"2017-05-17T09:21:34","date_gmt":"2017-05-17T07:21:34","guid":{"rendered":"https:\/\/www.hydra-cosmetics.com\/legal-notice\/"},"modified":"2017-05-17T09:21:40","modified_gmt":"2017-05-17T07:21:40","slug":"legal-notice","status":"publish","type":"page","link":"https:\/\/www.hydra-cosmetics.com\/en\/legal-notice\/","title":{"rendered":"Legal notice"},"content":{"rendered":"<p>&nbsp;<\/p>\n<h3>1. Conditions d&#8217;acc\u00e8s<\/h3>\n<p align=\"justify\">Le site Web\u00a0<a href=\"http:\/\/www.hydra-cosmetics.com\/\">www.hydra-cosmetics.com<\/a>\u00a0est sous la responsabilit\u00e9 de HYDRA COSMETICS. Pour tous renseignements, reportez-vous \u00e0 la rubrique contact. HYDRA COSMETICS se r\u00e9serve le droit de modifier le contenu de ce site Web de toutes les fa\u00e7ons que ce soit, \u00e0 tout moment et pour n&#8217;importe quelle raison, et ce, sans notification pr\u00e9alable particuli\u00e8re. HYDRA COSMETICS ne pourra \u00eatre tenue pour responsable, de quelque mani\u00e8re que ce soit, des cons\u00e9quences de telles modifications.<\/p>\n<p>&nbsp;<\/p>\n<h3>2. Non divulgation des informations<\/h3>\n<p align=\"justify\">HYDRA COSMETICS s&#8217;engage \u00e0 ne pas vendre, partager, ni divulguer vos donn\u00e9es personnelles nominatives \u00e0 des tiers \u00e0 l\u2019exception de ceux agissant pour le compte ou au nom de HYDRA COSMETICS ou en relation avec ses activit\u00e9s et dans le cadre de l&#8217;utilisation pour laquelle ces donn\u00e9es avaient \u00e9t\u00e9 recueillies \u00e0 l&#8217;origine.<\/p>\n<p>&nbsp;<\/p>\n<h2 class=\"vc_custom_heading\"><strong>Mentions relatives aux cookies<\/strong><\/h2>\n<p>&nbsp;<\/p>\n<h3 class=\"vc_custom_heading\"><strong>Qu\u2019est-ce qu\u2019un cookie et \u00e0 quoi sert-il ?<\/strong><\/h3>\n<div class=\"kleo_text_column wpb_content_element \">\n<div class=\"wpb_wrapper\">\n<p>Un cookie (ou t\u00e9moin de connexion) est un fichier texte susceptible d\u2019\u00eatre enregistr\u00e9, sous r\u00e9serve de vos choix, dans un espace d\u00e9di\u00e9 du disque dur de votre terminal (ordinateur, tablette \u2026) \u00e0 l\u2019occasion de la consultation d\u2019un service en ligne gr\u00e2ce \u00e0 votre logiciel de navigation.<br \/>\nIl est transmis par le serveur d\u2019un site internet \u00e0 votre navigateur. A chaque cookie est attribu\u00e9 un identifiant anonyme. Le fichier cookie permet \u00e0 son \u00e9metteur d\u2019identifier le terminal dans lequel il est enregistr\u00e9 pendant la dur\u00e9e de validit\u00e9 ou d\u2019enregistrement du cookie concern\u00e9. Un cookie ne permet pas de remonter \u00e0 une personne physique.<br \/>\nLorsque vous consultez le site hydra-cosmetics.com, nous pouvons \u00eatre amen\u00e9s \u00e0 installer, sous r\u00e9serve de votre choix, diff\u00e9rents cookies et notamment des cookies publicitaires.<\/p>\n<p>&nbsp;<\/p>\n<\/div>\n<\/div>\n<h3 class=\"vc_custom_heading\"><strong>Quels types de cookies sont d\u00e9pos\u00e9s par le site Web ?<\/strong><\/h3>\n<p>&nbsp;<\/p>\n<h4 class=\"vc_custom_heading\"><strong>Cookie publicitaires Google AdSense<\/strong><\/h4>\n<div class=\"kleo_text_column wpb_content_element \">\n<div class=\"wpb_wrapper\">\n<p>Des services tiers de publicit\u00e9s comme la r\u00e9gie Adsense\u00a0(et ses partenaires)\u00a0contr\u00f4lent des cookies depuis leurs espaces publicitaires.\u00a0Pour en savoir plus sur les annonces cibl\u00e9es de Google, cliquez sur le\u00a0lien\u00a0suivant :\u00a0<a href=\"http:\/\/www.google.com\/intl\/fr\/policies\/privacy\/\" target=\"_blank\" rel=\"noopener noreferrer\">r\u00e8gles de confidentialit\u00e9<\/a>.<\/p>\n<p>Le pr\u00e9sent site Internet n\u2019est pas responsable de la gestion et de la dur\u00e9e de vie de ces cookies tiers et vous invite \u00e0 prendre connaissance de la politique de chacun de ces prestataires.<\/p>\n<p>Ils ont pour but de vous adresser des publicit\u00e9s personnalis\u00e9es adapt\u00e9es \u00e0 vos attentes. Aucune donn\u00e9es personnelles telles que vos nom, pr\u00e9nom, adresse postale ou \u00e9lectronique, etc. ne sera transmis \u00e0 ces tiers partenaires dont l\u2019intervention sur le site web se limite au d\u00e9p\u00f4t de cookie par le biais des contenus publicitaires qu\u2019ils g\u00e8rent.<\/p>\n<p>Le pr\u00e9sent site Web et n\u2019a aucun contr\u00f4le sur ces cookies.<\/p>\n<\/div>\n<\/div>\n<h4 class=\"vc_custom_heading\"><strong>Cookies de Statistiques Google Analytics<\/strong><\/h4>\n<div class=\"kleo_text_column wpb_content_element \">\n<div class=\"wpb_wrapper\">\n<p>Ces cookies permettent d\u2019\u00e9tablir des statistiques de fr\u00e9quentation du site hydra-cosmetics.com\u00a0et de d\u00e9tecter des probl\u00e8mes de navigation afin de suivre et d\u2019am\u00e9liorer la qualit\u00e9 de nos services.<\/p>\n<\/div>\n<\/div>\n<h4 class=\"vc_custom_heading\"><strong>Exercez vos choix selon le navigateur que vous utilisez<\/strong><\/h4>\n<div class=\"kleo_text_column wpb_content_element \">\n<div class=\"wpb_wrapper\">\n<p>Vous pouvez \u00e0 tout moment param\u00e9trer votre navigateur afin d\u2019exprimer et de modifier vos souhaits en mati\u00e8re de cookies et notamment concernant les cookies de statistique. Vous pouvez exprimer vos choix en param\u00e9trant votre navigateur de fa\u00e7on \u00e0 refuser certains cookies.<\/p>\n<p>Si vous refusez nos cookies et ceux de nos partenaires, votre\u00a0visite\u00a0du site hydra-cosmetics.com\u00a0ne sera plus comptabilis\u00e9e dans Google Analytics et vous ne pourrez plus b\u00e9n\u00e9ficier d\u2019un certain nombre de fonctionnalit\u00e9s qui sont n\u00e9anmoins n\u00e9cessaires pour naviguer dans certaines de nos pages.<br \/>\nNous vous informons que vous pouvez toutefois vous opposer \u00e0 l\u2019enregistrement de cookies en suivant le mode op\u00e9ratoire disponible ci-dessous :<\/p>\n<\/div>\n<\/div>\n<div class=\"vc_row wpb_row vc_inner vc_row-fluid\">\n<div class=\"wpb_column vc_column_container vc_col-sm-12 vc_col-lg-offset-1 vc_col-lg-11 vc_col-md-offset-0 vc_col-md-12 vc_col-sm-offset-0 vc_col-xs-12\">\n<div class=\"vc_column-inner \">\n<div class=\"wpb_wrapper\">\n<h5 class=\"vc_custom_heading\"><strong>Sur Internet Explorer :<\/strong><\/h5>\n<div class=\"kleo_text_column wpb_content_element \">\n<div class=\"wpb_wrapper\">\n<p>1. Allez dans Outils &gt; Options Internet.<br \/>\n2. Cliquez sur l\u2019onglet \u00ab\u00a0Confidentialit\u00e9\u00a0\u00bb.<br \/>\n3. Cliquez sur le bouton avanc\u00e9, cochez la case \u00a0\u00ab\u00a0Ignorer la gestion automatique des cookies\u00a0\u00bb.<\/p>\n<\/div>\n<\/div>\n<h5 class=\"vc_custom_heading\"><strong>Sur Firefox :<\/strong><\/h5>\n<div class=\"kleo_text_column wpb_content_element \">\n<div class=\"wpb_wrapper\">\n<p>1. En haut de la fen\u00eatre de Firefox, cliquez sur le bouton Firefox (menu \u00ab\u00a0Outils\u00a0\u00bb sous Windows XP), puis s\u00e9lectionnez \u00ab\u00a0Options\u00a0\u00bb.<br \/>\n2. S\u00e9lectionnez le panneau \u00ab\u00a0Vie priv\u00e9e\u00a0\u00bb.<br \/>\n3. Param\u00e9trez \u00ab\u00a0R\u00e8gles de conservation\u00a0\u00bb : \u00e0 utiliser les param\u00e8tres personnalis\u00e9s pour l\u2019historique.<br \/>\n4. D\u00e9cochez \u00ab\u00a0Accepter les cookies\u00a0\u00bb.<\/p>\n<\/div>\n<\/div>\n<h5 class=\"vc_custom_heading\"><strong>Sur Chrome :<\/strong><\/h5>\n<div class=\"kleo_text_column wpb_content_element \">\n<div class=\"wpb_wrapper\">\n<p>1. Cliquez sur l\u2019ic\u00f4ne repr\u00e9sentant une cl\u00e9 \u00e0 molette qui est situ\u00e9e dans la barre d\u2019outils du navigateur.<br \/>\n2. S\u00e9lectionnez \u00ab\u00a0Param\u00e8tres\u00a0\u00bb.<br \/>\n3. Cliquez sur \u00ab\u00a0Afficher les param\u00e8tres avanc\u00e9s\u00a0\u00bb.<br \/>\n4. Dans la section \u00ab\u00a0Confidentialit\u00e9\u00a0\u00bb, cliquez sur le bouton \u00ab\u00a0Param\u00e8tres de contenu\u00a0\u00bb.<br \/>\n5. Dans la section \u00ab\u00a0Cookies\u00a0\u00bb, vous pouvez bloquer les cookies et donn\u00e9es de sites tiers.<\/p>\n<\/div>\n<\/div>\n<h5 class=\"vc_custom_heading\"><strong>Sur Safari :<\/strong><\/h5>\n<div class=\"kleo_text_column wpb_content_element \">\n<div class=\"wpb_wrapper\">\n<p>1. Allez dans R\u00e9glages &gt; Pr\u00e9f\u00e9rences.<br \/>\n2. Cliquez sur l\u2019onglet \u00ab\u00a0Confidentialit\u00e9\u00a0\u00bb.<br \/>\n3. Dans la zone \u00a0\u00ab\u00a0Bloquer les cookies\u00a0\u00bb , cochez la case \u00ab\u00a0toujours\u00a0\u00bb.<\/p>\n<\/div>\n<\/div>\n<h5 class=\"vc_custom_heading\"><strong>Sur Op\u00e9ra :<\/strong><\/h5>\n<div class=\"kleo_text_column wpb_content_element \">\n<div class=\"wpb_wrapper\">\n<p>1. Allez dans R\u00e9glages.<br \/>\n2. Dans la zone \u00a0\u00ab\u00a0Cookies\u00a0\u00bb , cochez la case \u00a0\u00ab\u00a0Bloquer les cookies de tierces parties et les donn\u00e9es de site\u00a0\u00bb.<\/p>\n<\/div>\n<\/div>\n<\/div>\n<\/div>\n<\/div>\n<\/div>\n<h4 class=\"vc_custom_heading\"><strong>Les cookies de partage des r\u00e9seaux sociaux<\/strong><\/h4>\n<div class=\"kleo_text_column wpb_content_element \">\n<div class=\"wpb_wrapper\">\n<p>Sur certaines pages de hydra-cosmetics.com\u00a0figurent des boutons ou modules de r\u00e9seaux sociaux tiers qui vous permettent d\u2019exploiter les fonctionnalit\u00e9s de ces r\u00e9seaux et en particulier de partager des contenus pr\u00e9sents sur hydra-cosmetics.com\u00a0avec d\u2019autres personnes.<br \/>\nLorsque vous vous rendez sur une page internet sur laquelle se trouve un de ces boutons ou modules, votre navigateur peut envoyer des informations au r\u00e9seau social qui peut alors associer cette visualisation \u00e0 votre profil.<\/p>\n<p>Des cookies des r\u00e9seaux sociaux, dont nous n\u2019avons pas la ma\u00eetrise, peuvent \u00eatre alors \u00eatre d\u00e9pos\u00e9s dans votre navigateur par ces r\u00e9seaux. Nous vous invitons \u00e0 consulter les politiques de confidentialit\u00e9 propres \u00e0 chacun de ces sites de r\u00e9seaux sociaux, afin de prendre connaissance des finalit\u00e9s d\u2019utilisation des informations de navigation que peuvent recueillir les r\u00e9seaux sociaux gr\u00e2ce \u00e0 ces boutons et modules.<\/p>\n<\/div>\n<\/div>\n<h3>3. Droit d&#8217;acc\u00e8s<\/h3>\n<p>Vous disposez du droit d&#8217;acc\u00e8s et de mise \u00e0 jour de vos donn\u00e9es personnelles nominatives ainsi que du droit de demander leur suppression, conform\u00e9ment \u00e0 la Loi n\u00b078-17 du 6 janvier 1978 &#8220;Informatique et libert\u00e9s&#8221;. HYDRA COSMETICS s\u2019engage \u00e0 maintenir \u00e0 jour vos donn\u00e9es personnelles nominatives et \u00e0 v\u00e9rifier leur caract\u00e8re exact et complet. Si vous souhaitez acc\u00e9der \u00e0 vos donn\u00e9es personnelles ou les corriger, merci de bien vouloir contacter par courrier notre responsable de la protection des donn\u00e9es \u00e0 l&#8217;adresse suivante :<\/p>\n<p>HYDRA COSMETICS<br \/>\n5 route nationale 68690 MOOSCH &#8211; FRANCE<\/p>\n<p>Vos demandes seront trait\u00e9es dans les meilleurs d\u00e9lais.<\/p>\n<p>&nbsp;<\/p>\n<h3>4. Droits de propri\u00e9t\u00e9 intellectuelle<\/h3>\n<p>La structure g\u00e9n\u00e9rale, les textes, images anim\u00e9es ou non et tous les \u00e9l\u00e9ments composant ce site Web, sont prot\u00e9g\u00e9s et rel\u00e8vent de la l\u00e9gislation fran\u00e7aise et internationale sur les droits de propri\u00e9t\u00e9 intellectuelle. Tous les droits de reproduction et de repr\u00e9sentation sont r\u00e9serv\u00e9s, y compris pour les documents t\u00e9l\u00e9chargeables, les repr\u00e9sentations iconographiques et photographiques. Toute repr\u00e9sentation ou reproduction totale ou partielle de ce site Web ou de l\u2019un de ses \u00e9l\u00e9ments est interdite.<\/p>\n<p>&nbsp;<\/p>\n<h3>5. Liens<\/h3>\n<p>Les liens hypertextes figurant sur ce site Web en direction d&#8217;autres sites Web pr\u00e9sents sur le r\u00e9seau Internet ne sauraient engager la responsabilit\u00e9 de HYDRA COSMETICS, notamment sa responsabilit\u00e9 au regard de l&#8217;ensemble du contenu de ces autres sites Web.<br \/>\nHYDRA COSMETICS n&#8217;est pas responsable des liens hypertextes qui peuvent pointer sur son site et interdit \u00e0 toute personne de mettre en place un tel lien sans son autorisation pr\u00e9alable et \u00e9crite.<\/p>\n","protected":false},"excerpt":{"rendered":"<p>&nbsp; 1. Conditions d&#8217;acc\u00e8s Le site Web\u00a0www.hydra-cosmetics.com\u00a0est sous la responsabilit\u00e9 de HYDRA COSMETICS. Pour tous renseignements, reportez-vous \u00e0 la rubrique contact. HYDRA<\/p>\n","protected":false},"author":1,"featured_media":0,"parent":0,"menu_order":0,"comment_status":"closed","ping_status":"closed","template":"","meta":[],"_links":{"self":[{"href":"https:\/\/www.hydra-cosmetics.com\/en\/wp-json\/wp\/v2\/pages\/8807"}],"collection":[{"href":"https:\/\/www.hydra-cosmetics.com\/en\/wp-json\/wp\/v2\/pages"}],"about":[{"href":"https:\/\/www.hydra-cosmetics.com\/en\/wp-json\/wp\/v2\/types\/page"}],"author":[{"embeddable":true,"href":"https:\/\/www.hydra-cosmetics.com\/en\/wp-json\/wp\/v2\/users\/1"}],"replies":[{"embeddable":true,"href":"https:\/\/www.hydra-cosmetics.com\/en\/wp-json\/wp\/v2\/comments?post=8807"}],"version-history":[{"count":1,"href":"https:\/\/www.hydra-cosmetics.com\/en\/wp-json\/wp\/v2\/pages\/8807\/revisions"}],"predecessor-version":[{"id":8808,"href":"https:\/\/www.hydra-cosmetics.com\/en\/wp-json\/wp\/v2\/pages\/8807\/revisions\/8808"}],"wp:attachment":[{"href":"https:\/\/www.hydra-cosmetics.com\/en\/wp-json\/wp\/v2\/media?parent=8807"}],"curies":[{"name":"wp","href":"https:\/\/api.w.org\/{rel}","templated":true}]}}